{"id":375,"date":"2024-02-07T18:28:59","date_gmt":"2024-02-07T18:28:59","guid":{"rendered":"https:\/\/moneythen.com\/?page_id=375"},"modified":"2026-01-20T13:58:42","modified_gmt":"2026-01-20T13:58:42","slug":"about","status":"publish","type":"page","link":"https:\/\/moneythen.com\/pl\/about\/","title":{"rendered":"O nas"},"content":{"rendered":"<div class=\"mx-5 sm:mx-0 prose leading-relaxed text-lg mb-5 text-left wp-paragraph\">\n<p>Money Then to niezale\u017cna strona internetowa, kt\u00f3ra zosta\u0142a stworzona, aby pom\u00f3c Ci podejmowa\u0107 m\u0105drzejsze decyzje dotycz\u0105ce kolejnych krok\u00f3w, niezale\u017cnie od tego, czy chodzi o rozw\u00f3j kariery, pewniejsze korzystanie z technologii, \u015bwiadome zarz\u0105dzanie pieni\u0119dzmi, czy odkrywanie gier i do\u015bwiadcze\u0144 cyfrowych, kt\u00f3re naprawd\u0119 s\u0105 warte Twojego czasu.<\/p>\n<\/div><div class=\"mx-5 sm:mx-0 prose leading-relaxed text-lg mb-5 text-left wp-paragraph\">\n<p>Nasz cel jest prosty: dostarcza\u0107 jasne, praktyczne tre\u015bci, z kt\u00f3rych mo\u017cesz skorzysta\u0107 w \u017cyciu. Skupiamy si\u0119 na tym, co pomaga Ci i\u015b\u0107 naprz\u00f3d, bez zb\u0119dnego szumu, niezrozumia\u0142ego \u017cargonu i pustych obietnic.<\/p>\n<\/div><div class=\"mx-5 sm:mx-0 prose leading-relaxed text-lg mb-5 text-left wp-paragraph\">\n<p>Tutaj znajdziesz tematy, kt\u00f3re naturalnie si\u0119 \u0142\u0105cz\u0105. Lepsza aplikacja mo\u017ce ulepszy\u0107 Twoj\u0105 codzienno\u015b\u0107. Nowa umiej\u0119tno\u015b\u0107 mo\u017ce otworzy\u0107 nowe mo\u017cliwo\u015bci. Silniejsze nawyki zwi\u0105zane z pieni\u0119dzmi mog\u0105 zmniejszy\u0107 stres i da\u0107 Ci wi\u0119ksz\u0105 swobod\u0119 w planowaniu. A gry, traktowane z rozwag\u0105, mog\u0105 by\u0107 przestrzeni\u0105 do rozwijania strategii, kreatywno\u015bci i budowania wi\u0119zi spo\u0142ecznych.<\/p>\n<\/div><div class=\"mx-5 sm:mx-0 prose leading-relaxed text-lg mb-5 text-left wp-paragraph\">\n<p><strong>Co znajdziesz w temacie Money?<\/strong><\/p>\n<\/div><div class=\"mx-5 sm:mx-0 prose leading-relaxed text-lg mb-5 text-left wp-paragraph\">\n<p><strong>Kariera<\/strong><\/p>\n<\/div><div class=\"mx-5 sm:mx-0 prose text-left mb-5\">\n<ul><div class=\"mx-5 sm:mx-0 prose text-left mb-5\">\n<li>Jak odkrywa\u0107 \u015bcie\u017cki kariery z wi\u0119ksz\u0105 pewno\u015bci\u0105 siebie i orientacj\u0105<\/li>\n<\/div>\n\n<div class=\"mx-5 sm:mx-0 prose text-left mb-5\">\n<li>Jak przedstawi\u0107 swoje do\u015bwiadczenie w spos\u00f3b przejrzysty (nawet je\u015bli zaczynasz od zera)<\/li>\n<\/div>\n\n<div class=\"mx-5 sm:mx-0 prose text-left mb-5\">\n<li>Jak ulepszy\u0107 swoje CV, portfolio i przygotowa\u0107 si\u0119 do rozmowy kwalifikacyjnej<\/li>\n<\/div>\n\n<div class=\"mx-5 sm:mx-0 prose text-left mb-5\">\n<li>Jak budowa\u0107 sp\u00f3jno\u015b\u0107 w aplikacjach i komunikacji zawodowej<\/li>\n<\/div><\/ul>\n<\/div><div class=\"mx-5 sm:mx-0 prose leading-relaxed text-lg mb-5 text-left wp-paragraph\">\n<p><strong>Praktyczne przewodniki<\/strong><\/p>\n<\/div><div class=\"mx-5 sm:mx-0 prose text-left mb-5\">\n<ul><div class=\"mx-5 sm:mx-0 prose text-left mb-5\">\n<li>Szczeg\u00f3\u0142owe instrukcje dotycz\u0105ce typowych wyzwa\u0144 (praca, \u017cycie cyfrowe, nawyki zwi\u0105zane z pieni\u0119dzmi)<\/li>\n<\/div>\n\n<div class=\"mx-5 sm:mx-0 prose text-left mb-5\">\n<li>Listy kontrolne pozwalaj\u0105ce unikn\u0105\u0107 b\u0142\u0119d\u00f3w kosztuj\u0105cych czas i energi\u0119<\/li>\n<\/div>\n\n<div class=\"mx-5 sm:mx-0 prose text-left mb-5\">\n<li>Proste systemy do organizacji, produktywno\u015bci i procedur uczenia si\u0119<\/li>\n<\/div>\n\n<div class=\"mx-5 sm:mx-0 prose text-left mb-5\">\n<li>Szablony i przyk\u0142ady, kt\u00f3re pomog\u0105 Ci zastosowa\u0107 to, co przeczyta\u0142e\u015b<\/li>\n<\/div><\/ul>\n<\/div><div class=\"mx-5 sm:mx-0 prose leading-relaxed text-lg mb-5 text-left wp-paragraph\">\n<p><strong>Technologia i aplikacje<\/strong><\/p>\n<\/div><div class=\"mx-5 sm:mx-0 prose text-left mb-5\">\n<ul><div class=\"mx-5 sm:mx-0 prose text-left mb-5\">\n<li>Narz\u0119dzia i aplikacje wspomagaj\u0105ce prac\u0119, nauk\u0119, kreatywno\u015b\u0107 i organizacj\u0119 osobist\u0105<\/li>\n<\/div>\n\n<div class=\"mx-5 sm:mx-0 prose text-left mb-5\">\n<li>Proste wyja\u015bnienia trend\u00f3w, kt\u00f3re wp\u0142ywaj\u0105 na codzienne \u017cycie i wybory zawodowe<\/li>\n<\/div>\n\n<div class=\"mx-5 sm:mx-0 prose text-left mb-5\">\n<li>Najlepsze praktyki bezpiecznego i efektywnego korzystania z zasob\u00f3w cyfrowych<\/li>\n<\/div>\n\n<div class=\"mx-5 sm:mx-0 prose text-left mb-5\">\n<li>Por\u00f3wnania podkre\u015blaj\u0105ce to, co jest wa\u017cne w rzeczywistym u\u017cytkowaniu (nie tylko funkcje)<\/li>\n<\/div><\/ul>\n<\/div><div class=\"mx-5 sm:mx-0 prose leading-relaxed text-lg mb-5 text-left wp-paragraph\">\n<p><strong>Finanse osobiste<\/strong><\/p>\n<\/div><div class=\"mx-5 sm:mx-0 prose text-left mb-5\">\n<ul><div class=\"mx-5 sm:mx-0 prose text-left mb-5\">\n<li>Jak stworzy\u0107 bud\u017cet, kt\u00f3rego faktycznie b\u0119dziesz w stanie utrzyma\u0107<\/li>\n<\/div>\n\n<div class=\"mx-5 sm:mx-0 prose text-left mb-5\">\n<li>Jak \u015bledzi\u0107 wydatki, nie czyni\u0105c z nich obci\u0105\u017cenia<\/li>\n<\/div>\n\n<div class=\"mx-5 sm:mx-0 prose text-left mb-5\">\n<li>Jak planowa\u0107 p\u0142atno\u015bci, zmniejsza\u0107 stres finansowy i unika\u0107 typowych pu\u0142apek zad\u0142u\u017cenia<\/li>\n<\/div>\n\n<div class=\"mx-5 sm:mx-0 prose text-left mb-5\">\n<li>Jak stworzy\u0107 fundusz awaryjny i wyznaczy\u0107 cele z realistycznymi harmonogramami<\/li>\n<\/div><\/ul>\n<\/div><div class=\"mx-5 sm:mx-0 prose leading-relaxed text-lg mb-5 text-left wp-paragraph\">\n<p><strong>Zawody sportowe<\/strong><\/p>\n<\/div><div class=\"mx-5 sm:mx-0 prose text-left mb-5\">\n<ul><div class=\"mx-5 sm:mx-0 prose text-left mb-5\">\n<li>Przewodniki, kt\u00f3re pomog\u0105 Ci zacz\u0105\u0107 bez frustracji (i marnowania zasob\u00f3w)<\/li>\n<\/div>\n\n<div class=\"mx-5 sm:mx-0 prose text-left mb-5\">\n<li>Wskaz\u00f3wki dotycz\u0105ce poprawy wydajno\u015bci, strategii i post\u0119p\u00f3w w czasie<\/li>\n<\/div>\n\n<div class=\"mx-5 sm:mx-0 prose text-left mb-5\">\n<li>Wyja\u015bnienia system\u00f3w gry, walut, nagr\u00f3d i sposob\u00f3w podejmowania lepszych decyzji<\/li>\n<\/div>\n\n<div class=\"mx-5 sm:mx-0 prose text-left mb-5\">\n<li>Rekomendacje, kt\u00f3re stawiaj\u0105 na pierwszym miejscu zabaw\u0119, przejrzysto\u015b\u0107 i lepsze wra\u017cenia gracza<\/li>\n<\/div><\/ul>\n<\/div><div class=\"mx-5 sm:mx-0 prose leading-relaxed text-lg mb-5 text-left wp-paragraph\">\n<p><strong>Jak pracujemy i dlaczego to ma znaczenie<\/strong><\/p>\n<\/div><div class=\"mx-5 sm:mx-0 prose leading-relaxed text-lg mb-5 text-left wp-paragraph\">\n<p>Money Then opiera si\u0119 na niezale\u017cno\u015bci i jasno\u015bci. Nie jeste\u015bmy tu po to, by wywiera\u0107 na Ciebie presj\u0119, by podejmowa\u0107 decyzje, ani by udawa\u0107, \u017ce istnieje tylko jedna \u201ew\u0142a\u015bciwa droga\u201d. Jeste\u015bmy tu po to, by uporz\u0105dkowa\u0107 przydatne informacje, wyja\u015bni\u0107 je w praktyczny spos\u00f3b i szanowa\u0107 Tw\u00f3j czas.<\/p>\n<\/div><div class=\"mx-5 sm:mx-0 prose leading-relaxed text-lg mb-5 text-left wp-paragraph\">\n<p>Oto co definiuje nasze podej\u015bcie:<\/p>\n<\/div><div class=\"mx-5 sm:mx-0 prose leading-relaxed text-lg mb-5 text-left wp-paragraph\">\n<p><strong>Nie publikujemy tre\u015bci w celu obs\u0142ugi pr\u00f3\u015bb lub p\u0142atno\u015bci<\/strong><\/p>\n<\/div><div class=\"mx-5 sm:mx-0 prose leading-relaxed text-lg mb-5 text-left wp-paragraph\">\n<p>Nasze wybory redakcyjne opieraj\u0105 si\u0119 na u\u017cyteczno\u015bci, dost\u0119pno\u015bci publicznej i wiarygodno\u015bci, a nie na tym, kto pyta, kto p\u0142aci lub kto chce si\u0119 rozg\u0142osi\u0107.<\/p>\n<\/div><div class=\"mx-5 sm:mx-0 prose leading-relaxed text-lg mb-5 text-left wp-paragraph\">\n<p><strong>Sprawdzamy wszystko przed publikacj\u0105<\/strong><\/p>\n<\/div><div class=\"mx-5 sm:mx-0 prose leading-relaxed text-lg mb-5 text-left wp-paragraph\">\n<p>Ka\u017cdy poradnik, rekomendacja i artyku\u0142 przechodz\u0105 wewn\u0119trzn\u0105 kontrol\u0119, skupiaj\u0105c\u0105 si\u0119 na trzech kwestiach: trafno\u015bci, dok\u0142adno\u015bci i czytelno\u015bci. Je\u015bli czego\u015b nie da si\u0119 jasno wyja\u015bni\u0107, to nie powinno si\u0119 tu jeszcze znale\u017a\u0107.<\/p>\n<\/div><div class=\"mx-5 sm:mx-0 prose leading-relaxed text-lg mb-5 text-left wp-paragraph\">\n<p><strong>Naszym celem jest pomoc, a nie promocja<\/strong><\/p>\n<\/div><div class=\"mx-5 sm:mx-0 prose leading-relaxed text-lg mb-5 text-left wp-paragraph\">\n<p>Nasz\u0105 rol\u0105 nie jest m\u00f3wienie Ci, co masz kupi\u0107 ani co robi\u0107. Nasz\u0105 rol\u0105 jest pokazanie Ci opcji, wyja\u015bnienie ich znaczenia i pomoc w wyborze tego, co pasuje do Twoich cel\u00f3w i sytuacji.<\/p>\n<\/div><div class=\"mx-5 sm:mx-0 prose leading-relaxed text-lg mb-5 text-left wp-paragraph\">\n<p>Wierzymy r\u00f3wnie\u017c, \u017ce czytelnicy nie powinni musie\u0107 przedziera\u0107 si\u0119 przez dramatyczne twierdzenia czy skomplikowany j\u0119zyk, aby znale\u017a\u0107 co\u015b po\u017cytecznego. Dlatego piszemy w bezpo\u015brednim tonie, kt\u00f3ry szanuje Twoj\u0105 inteligencj\u0119, a jednocze\u015bnie jest \u0142atwy w odbiorze.<\/p>\n<\/div><div class=\"mx-5 sm:mx-0 prose leading-relaxed text-lg mb-5 text-left wp-paragraph\">\n<p><strong>Informacja prawna i wy\u0142\u0105czenie odpowiedzialno\u015bci za tre\u015b\u0107<\/strong><\/p>\n<\/div><div class=\"mx-5 sm:mx-0 prose leading-relaxed text-lg mb-5 text-left wp-paragraph\">\n<p>Aby odpowiedzialnie korzysta\u0107 z Money Then, nale\u017cy przestrzega\u0107 kilku wa\u017cnych zasad:<\/p>\n<\/div><div class=\"mx-5 sm:mx-0 prose leading-relaxed text-lg mb-5 text-left wp-paragraph\">\n<p><strong>Nie oferujemy bezpo\u015brednio pracy, us\u0142ug ani szkole\u0144<\/strong><\/p>\n<\/div><div class=\"mx-5 sm:mx-0 prose leading-relaxed text-lg mb-5 text-left wp-paragraph\">\n<p>Wszelkie oferty pracy, kursy, narz\u0119dzia i platformy wymienione w Money Then maj\u0105 charakter informacyjny. Je\u015bli zdecydujesz si\u0119 z\u0142o\u017cy\u0107 wniosek, zarejestrowa\u0107 si\u0119 lub skorzysta\u0107 z us\u0142ugi, proces ten odbywa si\u0119 za po\u015brednictwem pierwotnego dostawcy.<\/p>\n<\/div><div class=\"mx-5 sm:mx-0 prose leading-relaxed text-lg mb-5 text-left wp-paragraph\">\n<p><strong>Nie jeste\u015bmy powi\u0105zani z pracodawcami, szko\u0142ami ani platformami<\/strong><\/p>\n<\/div><div class=\"mx-5 sm:mx-0 prose leading-relaxed text-lg mb-5 text-left wp-paragraph\">\n<p>Wzmianki o firmach, aplikacjach, instytucjach, markach i grach maj\u0105 wy\u0142\u0105cznie charakter informacyjny i edukacyjny. Nie ro\u015bcimy sobie praw do partnerstwa i nie otrzymujemy wynagrodzenia w zamian za ich prezentacj\u0119.<\/p>\n<\/div><div class=\"mx-5 sm:mx-0 prose leading-relaxed text-lg mb-5 text-left wp-paragraph\">\n<p><strong>Informacje mog\u0105 ulec zmianie bez powiadomienia<\/strong><\/p>\n<\/div><div class=\"mx-5 sm:mx-0 prose leading-relaxed text-lg mb-5 text-left wp-paragraph\">\n<p>Oferty pracy, funkcje aplikacji, ceny, warunki i dost\u0119pno\u015b\u0107 mog\u0105 zosta\u0107 zaktualizowane, wycofane lub usuni\u0119te w dowolnym momencie. Chocia\u017c dbamy o poprawno\u015b\u0107 tre\u015bci, nie mo\u017cemy zagwarantowa\u0107, \u017ce informacje pochodz\u0105ce od stron trzecich pozostan\u0105 niezmienione.<\/p>\n<\/div><div class=\"mx-5 sm:mx-0 prose leading-relaxed text-lg mb-5 text-left wp-paragraph\">\n<p><strong>Decyzje pozostaj\u0105 Twoj\u0105 odpowiedzialno\u015bci\u0105<\/strong><\/p>\n<\/div><div class=\"mx-5 sm:mx-0 prose leading-relaxed text-lg mb-5 text-left wp-paragraph\">\n<p>Wszelkie dzia\u0142ania podejmowane na podstawie naszych tre\u015bci pozostaj\u0105 w gestii u\u017cytkownika. Zach\u0119camy do weryfikacji danych bezpo\u015brednio u oficjalnego \u017ar\u00f3d\u0142a przed z\u0142o\u017ceniem wniosku, rejestracj\u0105, zakupem lub podj\u0119ciem jakiejkolwiek decyzji finansowej lub zawodowej.<\/p>\n<\/div><div class=\"mx-5 sm:mx-0 prose leading-relaxed text-lg mb-5 text-left wp-paragraph\">\n<p>Korzystaj\u0105c z serwisu Money Then, potwierdzasz, \u017ce nasze tre\u015bci maj\u0105 charakter og\u00f3lnoinformacyjny i edukacyjny i nie zast\u0119puj\u0105 profesjonalnej porady ani bezpo\u015bredniej komunikacji z dostawcami.<\/p>\n<\/div><div class=\"mx-5 sm:mx-0 prose leading-relaxed text-lg mb-5 text-left wp-paragraph\">\n<p>W Money Then naszym celem jest informowanie Ci\u0119 na bie\u017c\u0105co, a nie przyt\u0142aczanie. Post\u0119py wynikaj\u0105 z ma\u0142ych, konsekwentnych decyzji: uczenia si\u0119 tego, co wa\u017cne, \u015bwiadomego korzystania z narz\u0119dzi i budowania nawyk\u00f3w wspieraj\u0105cych Twoje cele. Ty wnosisz motywacj\u0119. Pomo\u017cemy Ci jasno okre\u015bli\u0107 kolejny krok.<\/p>\n<\/div><div class=\"mx-5 sm:mx-0 prose leading-relaxed text-lg mb-5 text-left wp-paragraph\">\n<p><\/p>\n<\/div>","protected":false},"excerpt":{"rendered":"<p>Money Then is an independent website created to help you make smarter decisions about your next steps, &nbsp;whether that\u2019s improving your career, using technology more confidently, managing your money with intention, or discovering games and digital experiences that are actually worth your time. Our goal is simple: deliver clear, practical content you can use in&hellip; <a class=\"more-link\" href=\"https:\/\/moneythen.com\/pl\/about\/\">Czytaj dalej <span class=\"screen-reader-text\">O nas<\/span><\/a><\/p>","protected":false},"author":9,"featured_media":0,"parent":0,"menu_order":0,"comment_status":"closed","ping_status":"closed","template":"","meta":{"footnotes":""},"yoast_head":"<!-- This site is optimized with the Yoast SEO Premium plugin v18.7 (Yoast SEO v19.1) - https:\/\/yoast.com\/wordpress\/plugins\/seo\/ -->\n<title>About Us - Money Then<\/title>\n<meta name=\"robots\" content=\"index, follow, max-snippet:-1, max-image-preview:large, max-video-preview:-1\" \/>\n<link rel=\"canonical\" href=\"https:\/\/moneythen.com\/pl\/about\/\" \/>\n<meta property=\"og:locale\" content=\"pl_PL\" \/>\n<meta property=\"og:type\" content=\"article\" \/>\n<meta property=\"og:title\" content=\"About Us\" \/>\n<meta property=\"og:description\" content=\"Money Then is an independent website created to help you make smarter decisions about your next steps, &nbsp;whether that\u2019s improving your career, using technology more confidently, managing your money with intention, or discovering games and digital experiences that are actually worth your time. Our goal is simple: deliver clear, practical content you can use in&hellip; Continue reading About Us\" \/>\n<meta property=\"og:url\" content=\"https:\/\/moneythen.com\/pl\/about\/\" \/>\n<meta property=\"og:site_name\" content=\"Money Then\" \/>\n<meta property=\"article:modified_time\" content=\"2026-01-20T13:58:42+00:00\" \/>\n<meta name=\"twitter:card\" content=\"summary_large_image\" \/>\n<meta name=\"twitter:label1\" content=\"Est. reading time\" \/>\n\t<meta name=\"twitter:data1\" content=\"4 minuty\" \/>\n<script type=\"application\/ld+json\" class=\"yoast-schema-graph\">{\"@context\":\"https:\/\/schema.org\",\"@graph\":[{\"@type\":\"WebSite\",\"@id\":\"https:\/\/moneythen.com\/#website\",\"url\":\"https:\/\/moneythen.com\/\",\"name\":\"Money Then\",\"description\":\"\",\"potentialAction\":[{\"@type\":\"SearchAction\",\"target\":{\"@type\":\"EntryPoint\",\"urlTemplate\":\"https:\/\/moneythen.com\/?s={search_term_string}\"},\"query-input\":\"required name=search_term_string\"}],\"inLanguage\":\"pl-PL\"},{\"@type\":\"WebPage\",\"@id\":\"https:\/\/moneythen.com\/about\/#webpage\",\"url\":\"https:\/\/moneythen.com\/about\/\",\"name\":\"About Us - Money Then\",\"isPartOf\":{\"@id\":\"https:\/\/moneythen.com\/#website\"},\"datePublished\":\"2024-02-07T18:28:59+00:00\",\"dateModified\":\"2026-01-20T13:58:42+00:00\",\"breadcrumb\":{\"@id\":\"https:\/\/moneythen.com\/about\/#breadcrumb\"},\"inLanguage\":\"pl-PL\",\"potentialAction\":[{\"@type\":\"ReadAction\",\"target\":[\"https:\/\/moneythen.com\/about\/\"]}]},{\"@type\":\"BreadcrumbList\",\"@id\":\"https:\/\/moneythen.com\/about\/#breadcrumb\",\"itemListElement\":[{\"@type\":\"ListItem\",\"position\":1,\"name\":\"Home\",\"item\":\"https:\/\/moneythen.com\/\"},{\"@type\":\"ListItem\",\"position\":2,\"name\":\"About Us\"}]}]}<\/script>\n<!-- \/ Yoast SEO Premium plugin. -->","yoast_head_json":{"title":"About Us - Money Then","robots":{"index":"index","follow":"follow","max-snippet":"max-snippet:-1","max-image-preview":"max-image-preview:large","max-video-preview":"max-video-preview:-1"},"canonical":"https:\/\/moneythen.com\/pl\/about\/","og_locale":"pl_PL","og_type":"article","og_title":"About Us","og_description":"Money Then is an independent website created to help you make smarter decisions about your next steps, &nbsp;whether that\u2019s improving your career, using technology more confidently, managing your money with intention, or discovering games and digital experiences that are actually worth your time. Our goal is simple: deliver clear, practical content you can use in&hellip; Continue reading About Us","og_url":"https:\/\/moneythen.com\/pl\/about\/","og_site_name":"Money Then","article_modified_time":"2026-01-20T13:58:42+00:00","twitter_card":"summary_large_image","twitter_misc":{"Est. reading time":"4 minuty"},"schema":{"@context":"https:\/\/schema.org","@graph":[{"@type":"WebSite","@id":"https:\/\/moneythen.com\/#website","url":"https:\/\/moneythen.com\/","name":"Money Then","description":"","potentialAction":[{"@type":"SearchAction","target":{"@type":"EntryPoint","urlTemplate":"https:\/\/moneythen.com\/?s={search_term_string}"},"query-input":"required name=search_term_string"}],"inLanguage":"pl-PL"},{"@type":"WebPage","@id":"https:\/\/moneythen.com\/about\/#webpage","url":"https:\/\/moneythen.com\/about\/","name":"About Us - Money Then","isPartOf":{"@id":"https:\/\/moneythen.com\/#website"},"datePublished":"2024-02-07T18:28:59+00:00","dateModified":"2026-01-20T13:58:42+00:00","breadcrumb":{"@id":"https:\/\/moneythen.com\/about\/#breadcrumb"},"inLanguage":"pl-PL","potentialAction":[{"@type":"ReadAction","target":["https:\/\/moneythen.com\/about\/"]}]},{"@type":"BreadcrumbList","@id":"https:\/\/moneythen.com\/about\/#breadcrumb","itemListElement":[{"@type":"ListItem","position":1,"name":"Home","item":"https:\/\/moneythen.com\/"},{"@type":"ListItem","position":2,"name":"About Us"}]}]}},"_links":{"self":[{"href":"https:\/\/moneythen.com\/pl\/wp-json\/wp\/v2\/pages\/375"}],"collection":[{"href":"https:\/\/moneythen.com\/pl\/wp-json\/wp\/v2\/pages"}],"about":[{"href":"https:\/\/moneythen.com\/pl\/wp-json\/wp\/v2\/types\/page"}],"author":[{"embeddable":true,"href":"https:\/\/moneythen.com\/pl\/wp-json\/wp\/v2\/users\/9"}],"replies":[{"embeddable":true,"href":"https:\/\/moneythen.com\/pl\/wp-json\/wp\/v2\/comments?post=375"}],"version-history":[{"count":0,"href":"https:\/\/moneythen.com\/pl\/wp-json\/wp\/v2\/pages\/375\/revisions"}],"wp:attachment":[{"href":"https:\/\/moneythen.com\/pl\/wp-json\/wp\/v2\/media?parent=375"}],"curies":[{"name":"wp","href":"https:\/\/api.w.org\/{rel}","templated":true}]}}