{"id":375,"date":"2024-02-07T18:28:59","date_gmt":"2024-02-07T18:28:59","guid":{"rendered":"https:\/\/moneythen.com\/?page_id=375"},"modified":"2026-01-20T13:58:42","modified_gmt":"2026-01-20T13:58:42","slug":"about","status":"publish","type":"page","link":"https:\/\/moneythen.com\/fr\/about\/","title":{"rendered":"\u00c0 propos de nous"},"content":{"rendered":"<div class=\"mx-5 sm:mx-0 prose leading-relaxed text-lg mb-5 text-left wp-paragraph\">\n<p>Money Then est un site web ind\u00e9pendant cr\u00e9\u00e9 pour vous aider \u00e0 prendre des d\u00e9cisions plus judicieuses concernant vos prochaines \u00e9tapes, qu&#039;il s&#039;agisse d&#039;am\u00e9liorer votre carri\u00e8re, d&#039;utiliser la technologie avec plus d&#039;assurance, de g\u00e9rer votre argent de mani\u00e8re intentionnelle ou de d\u00e9couvrir des jeux et des exp\u00e9riences num\u00e9riques qui valent vraiment la peine d&#039;y consacrer du temps.<\/p>\n<\/div><div class=\"mx-5 sm:mx-0 prose leading-relaxed text-lg mb-5 text-left wp-paragraph\">\n<p>Notre objectif est simple\u00a0: vous fournir un contenu clair et pratique, directement applicable au quotidien. Nous nous concentrons sur ce qui vous permet d\u2019avancer, sans fioritures inutiles, sans jargon technique ni promesses en l\u2019air.<\/p>\n<\/div><div class=\"mx-5 sm:mx-0 prose leading-relaxed text-lg mb-5 text-left wp-paragraph\">\n<p>Vous trouverez ici des sujets qui s&#039;articulent naturellement. Une meilleure application peut simplifier votre quotidien. Une nouvelle comp\u00e9tence peut ouvrir de nouvelles perspectives. De meilleures habitudes financi\u00e8res peuvent r\u00e9duire le stress et vous offrir une plus grande libert\u00e9 pour planifier. Et les jeux, utilis\u00e9s \u00e0 bon escient, peuvent \u00eatre un espace propice \u00e0 la strat\u00e9gie, \u00e0 la cr\u00e9ativit\u00e9 et au partage.<\/p>\n<\/div><div class=\"mx-5 sm:mx-0 prose leading-relaxed text-lg mb-5 text-left wp-paragraph\">\n<p><strong>Ce que vous trouverez sur Money Then<\/strong><\/p>\n<\/div><div class=\"mx-5 sm:mx-0 prose leading-relaxed text-lg mb-5 text-left wp-paragraph\">\n<p><strong>Carri\u00e8re<\/strong><\/p>\n<\/div><div class=\"mx-5 sm:mx-0 prose text-left mb-5\">\n<ul><div class=\"mx-5 sm:mx-0 prose text-left mb-5\">\n<li>Comment explorer des parcours professionnels avec plus de confiance et de clart\u00e9 ?<\/li>\n<\/div>\n\n<div class=\"mx-5 sm:mx-0 prose text-left mb-5\">\n<li>Comment pr\u00e9senter clairement son exp\u00e9rience (m\u00eame en partant de z\u00e9ro)<\/li>\n<\/div>\n\n<div class=\"mx-5 sm:mx-0 prose text-left mb-5\">\n<li>Comment am\u00e9liorer son CV, son portfolio et sa pr\u00e9paration aux entretiens d&#039;embauche<\/li>\n<\/div>\n\n<div class=\"mx-5 sm:mx-0 prose text-left mb-5\">\n<li>Comment assurer la coh\u00e9rence des candidatures et de la communication professionnelle<\/li>\n<\/div><\/ul>\n<\/div><div class=\"mx-5 sm:mx-0 prose leading-relaxed text-lg mb-5 text-left wp-paragraph\">\n<p><strong>Guides pratiques<\/strong><\/p>\n<\/div><div class=\"mx-5 sm:mx-0 prose text-left mb-5\">\n<ul><div class=\"mx-5 sm:mx-0 prose text-left mb-5\">\n<li>Des solutions \u00e9tape par \u00e9tape aux d\u00e9fis courants (travail, vie num\u00e9rique, habitudes financi\u00e8res)<\/li>\n<\/div>\n\n<div class=\"mx-5 sm:mx-0 prose text-left mb-5\">\n<li>Listes de contr\u00f4le pour \u00e9viter les erreurs qui co\u00fbtent du temps et de l&#039;\u00e9nergie<\/li>\n<\/div>\n\n<div class=\"mx-5 sm:mx-0 prose text-left mb-5\">\n<li>Des syst\u00e8mes simples pour l&#039;organisation, la productivit\u00e9 et les routines d&#039;apprentissage<\/li>\n<\/div>\n\n<div class=\"mx-5 sm:mx-0 prose text-left mb-5\">\n<li>Mod\u00e8les et exemples pour vous aider \u00e0 appliquer ce que vous lisez<\/li>\n<\/div><\/ul>\n<\/div><div class=\"mx-5 sm:mx-0 prose leading-relaxed text-lg mb-5 text-left wp-paragraph\">\n<p><strong>Technologie et applications<\/strong><\/p>\n<\/div><div class=\"mx-5 sm:mx-0 prose text-left mb-5\">\n<ul><div class=\"mx-5 sm:mx-0 prose text-left mb-5\">\n<li>Outils et applications qui facilitent le travail, les \u00e9tudes, la cr\u00e9ativit\u00e9 et l&#039;organisation personnelle<\/li>\n<\/div>\n\n<div class=\"mx-5 sm:mx-0 prose text-left mb-5\">\n<li>Des explications claires des tendances qui influencent la vie quotidienne et les choix de carri\u00e8re<\/li>\n<\/div>\n\n<div class=\"mx-5 sm:mx-0 prose text-left mb-5\">\n<li>Meilleures pratiques pour utiliser les ressources num\u00e9riques de mani\u00e8re s\u00fbre et efficace<\/li>\n<\/div>\n\n<div class=\"mx-5 sm:mx-0 prose text-left mb-5\">\n<li>Des comparaisons qui mettent en \u00e9vidence ce qui compte r\u00e9ellement dans l&#039;utilisation (et pas seulement les fonctionnalit\u00e9s)<\/li>\n<\/div><\/ul>\n<\/div><div class=\"mx-5 sm:mx-0 prose leading-relaxed text-lg mb-5 text-left wp-paragraph\">\n<p><strong>Finances personnelles<\/strong><\/p>\n<\/div><div class=\"mx-5 sm:mx-0 prose text-left mb-5\">\n<ul><div class=\"mx-5 sm:mx-0 prose text-left mb-5\">\n<li>Comment structurer un budget que vous pouvez r\u00e9ellement respecter<\/li>\n<\/div>\n\n<div class=\"mx-5 sm:mx-0 prose text-left mb-5\">\n<li>Comment suivre ses d\u00e9penses sans que cela devienne une contrainte<\/li>\n<\/div>\n\n<div class=\"mx-5 sm:mx-0 prose text-left mb-5\">\n<li>Comment planifier ses paiements, r\u00e9duire le stress financier et \u00e9viter les pi\u00e8ges courants de l&#039;endettement<\/li>\n<\/div>\n\n<div class=\"mx-5 sm:mx-0 prose text-left mb-5\">\n<li>Comment constituer un fonds d&#039;urgence et se fixer des objectifs assortis d&#039;\u00e9ch\u00e9ances r\u00e9alistes<\/li>\n<\/div><\/ul>\n<\/div><div class=\"mx-5 sm:mx-0 prose leading-relaxed text-lg mb-5 text-left wp-paragraph\">\n<p><strong>Jeux<\/strong><\/p>\n<\/div><div class=\"mx-5 sm:mx-0 prose text-left mb-5\">\n<ul><div class=\"mx-5 sm:mx-0 prose text-left mb-5\">\n<li>Guides pour bien d\u00e9marrer (sans frustration et sans gaspillage de ressources)<\/li>\n<\/div>\n\n<div class=\"mx-5 sm:mx-0 prose text-left mb-5\">\n<li>Conseils pour am\u00e9liorer ses performances, sa strat\u00e9gie et sa progression au fil du temps<\/li>\n<\/div>\n\n<div class=\"mx-5 sm:mx-0 prose text-left mb-5\">\n<li>Explications des syst\u00e8mes de jeu, des monnaies, des r\u00e9compenses et comment faire de meilleurs choix<\/li>\n<\/div>\n\n<div class=\"mx-5 sm:mx-0 prose text-left mb-5\">\n<li>Des recommandations qui privil\u00e9gient le plaisir, la clart\u00e9 et une meilleure exp\u00e9rience de jeu<\/li>\n<\/div><\/ul>\n<\/div><div class=\"mx-5 sm:mx-0 prose leading-relaxed text-lg mb-5 text-left wp-paragraph\">\n<p><strong>Notre fa\u00e7on de travailler et pourquoi c&#039;est important<\/strong><\/p>\n<\/div><div class=\"mx-5 sm:mx-0 prose leading-relaxed text-lg mb-5 text-left wp-paragraph\">\n<p>Money Then repose sur l&#039;ind\u00e9pendance et la clart\u00e9. Nous ne sommes pas l\u00e0 pour vous forcer \u00e0 prendre des d\u00e9cisions ni pour pr\u00e9tendre qu&#039;il n&#039;existe qu&#039;une seule \u00ab bonne voie \u00bb. Notre objectif est de vous fournir des informations utiles, de les expliquer de mani\u00e8re pratique et de respecter votre temps.<\/p>\n<\/div><div class=\"mx-5 sm:mx-0 prose leading-relaxed text-lg mb-5 text-left wp-paragraph\">\n<p>Voici ce qui d\u00e9finit notre approche\u00a0:<\/p>\n<\/div><div class=\"mx-5 sm:mx-0 prose leading-relaxed text-lg mb-5 text-left wp-paragraph\">\n<p><strong>Nous ne publions pas de contenu pour r\u00e9pondre aux demandes ou aux paiements.<\/strong><\/p>\n<\/div><div class=\"mx-5 sm:mx-0 prose leading-relaxed text-lg mb-5 text-left wp-paragraph\">\n<p>Nos choix \u00e9ditoriaux sont bas\u00e9s sur l&#039;utilit\u00e9, la disponibilit\u00e9 publique et la cr\u00e9dibilit\u00e9, et non sur qui le demande, qui paie ou qui souhaite de la visibilit\u00e9.<\/p>\n<\/div><div class=\"mx-5 sm:mx-0 prose leading-relaxed text-lg mb-5 text-left wp-paragraph\">\n<p><strong>Nous v\u00e9rifions tout avant publication<\/strong><\/p>\n<\/div><div class=\"mx-5 sm:mx-0 prose leading-relaxed text-lg mb-5 text-left wp-paragraph\">\n<p>Chaque guide, recommandation et article fait l&#039;objet d&#039;une \u00e9valuation interne ax\u00e9e sur trois crit\u00e8res\u00a0: la pertinence, l&#039;exactitude et la lisibilit\u00e9. Si une information n&#039;est pas clairement expliqu\u00e9e, elle n&#039;a pas encore sa place ici.<\/p>\n<\/div><div class=\"mx-5 sm:mx-0 prose leading-relaxed text-lg mb-5 text-left wp-paragraph\">\n<p><strong>Notre objectif est d&#039;\u00eatre utiles, pas promotionnels.<\/strong><\/p>\n<\/div><div class=\"mx-5 sm:mx-0 prose leading-relaxed text-lg mb-5 text-left wp-paragraph\">\n<p>Notre r\u00f4le n&#039;est pas de vous dire quoi acheter ni quoi faire. Notre r\u00f4le est de vous pr\u00e9senter les diff\u00e9rentes options, de vous expliquer leurs implications et de vous aider \u00e0 choisir la solution la mieux adapt\u00e9e \u00e0 vos objectifs et \u00e0 votre situation.<\/p>\n<\/div><div class=\"mx-5 sm:mx-0 prose leading-relaxed text-lg mb-5 text-left wp-paragraph\">\n<p>Nous pensons \u00e9galement que les lecteurs ne devraient pas avoir \u00e0 d\u00e9crypter des affirmations sensationnalistes ou un langage complexe pour trouver des informations utiles. C&#039;est pourquoi nous adoptons un style direct qui respecte votre intelligence, tout en restant facile \u00e0 comprendre.<\/p>\n<\/div><div class=\"mx-5 sm:mx-0 prose leading-relaxed text-lg mb-5 text-left wp-paragraph\">\n<p><strong>Mentions l\u00e9gales et clause de non-responsabilit\u00e9 relative au contenu<\/strong><\/p>\n<\/div><div class=\"mx-5 sm:mx-0 prose leading-relaxed text-lg mb-5 text-left wp-paragraph\">\n<p>Pour utiliser Money Then de mani\u00e8re responsable, voici quelques points importants\u00a0:<\/p>\n<\/div><div class=\"mx-5 sm:mx-0 prose leading-relaxed text-lg mb-5 text-left wp-paragraph\">\n<p><strong>Nous n&#039;offrons pas d&#039;emplois, de services ou de formations directement.<\/strong><\/p>\n<\/div><div class=\"mx-5 sm:mx-0 prose leading-relaxed text-lg mb-5 text-left wp-paragraph\">\n<p>Toute offre d&#039;emploi, formation, outil ou plateforme mentionn\u00e9e sur Money Then l&#039;est \u00e0 titre informatif. Si vous choisissez de postuler, de vous inscrire ou d&#039;utiliser un service, vous devez effectuer cette d\u00e9marche aupr\u00e8s du fournisseur d&#039;origine.<\/p>\n<\/div><div class=\"mx-5 sm:mx-0 prose leading-relaxed text-lg mb-5 text-left wp-paragraph\">\n<p><strong>Nous n&#039;avons aucun lien avec des employeurs, des \u00e9coles ou des plateformes.<\/strong><\/p>\n<\/div><div class=\"mx-5 sm:mx-0 prose leading-relaxed text-lg mb-5 text-left wp-paragraph\">\n<p>Les mentions d&#039;entreprises, d&#039;applications, d&#039;institutions, de marques ou de jeux sont faites \u00e0 titre informatif et \u00e9ducatif uniquement. Nous ne revendiquons aucun partenariat et ne recevons aucune compensation en \u00e9change de leur mention.<\/p>\n<\/div><div class=\"mx-5 sm:mx-0 prose leading-relaxed text-lg mb-5 text-left wp-paragraph\">\n<p><strong>Les informations peuvent \u00eatre modifi\u00e9es sans pr\u00e9avis.<\/strong><\/p>\n<\/div><div class=\"mx-5 sm:mx-0 prose leading-relaxed text-lg mb-5 text-left wp-paragraph\">\n<p>Les offres d&#039;emploi, les fonctionnalit\u00e9s de l&#039;application, les tarifs, les conditions et la disponibilit\u00e9 peuvent \u00eatre modifi\u00e9s, supprim\u00e9s ou interrompus \u00e0 tout moment. Bien que nous nous efforcions de maintenir l&#039;exactitude du contenu, nous ne pouvons garantir que les informations fournies par des tiers resteront inchang\u00e9es.<\/p>\n<\/div><div class=\"mx-5 sm:mx-0 prose leading-relaxed text-lg mb-5 text-left wp-paragraph\">\n<p><strong>Les d\u00e9cisions restent sous votre responsabilit\u00e9.<\/strong><\/p>\n<\/div><div class=\"mx-5 sm:mx-0 prose leading-relaxed text-lg mb-5 text-left wp-paragraph\">\n<p>Toute action que vous entreprenez suite \u00e0 la consultation de notre contenu rel\u00e8ve de votre seule responsabilit\u00e9. Nous vous encourageons \u00e0 v\u00e9rifier les informations directement aupr\u00e8s de la source officielle avant de postuler, de vous inscrire, d&#039;effectuer un achat ou de prendre toute d\u00e9cision financi\u00e8re ou professionnelle.<\/p>\n<\/div><div class=\"mx-5 sm:mx-0 prose leading-relaxed text-lg mb-5 text-left wp-paragraph\">\n<p>En utilisant Money Then, vous reconnaissez que notre contenu est destin\u00e9 \u00e0 des fins d&#039;orientation g\u00e9n\u00e9rale et d&#039;\u00e9ducation, et qu&#039;il ne remplace pas les conseils professionnels ou une communication directe avec les prestataires.<\/p>\n<\/div><div class=\"mx-5 sm:mx-0 prose leading-relaxed text-lg mb-5 text-left wp-paragraph\">\n<p>Chez Money Then, notre objectif est de vous informer, pas de vous submerger d&#039;informations. Les progr\u00e8s sont le fruit de petites d\u00e9cisions prises r\u00e9guli\u00e8rement\u00a0: apprendre ce qui compte, utiliser les outils \u00e0 bon escient et adopter des habitudes qui favorisent la r\u00e9alisation de vos objectifs. C&#039;est vous qui avez la motivation. Nous vous aidons \u00e0 y voir plus clair pour la suite.<\/p>\n<\/div><div class=\"mx-5 sm:mx-0 prose leading-relaxed text-lg mb-5 text-left wp-paragraph\">\n<p><\/p>\n<\/div>","protected":false},"excerpt":{"rendered":"<p>Money Then is an independent website created to help you make smarter decisions about your next steps, &nbsp;whether that\u2019s improving your career, using technology more confidently, managing your money with intention, or discovering games and digital experiences that are actually worth your time. Our goal is simple: deliver clear, practical content you can use in&hellip; <a class=\"more-link\" href=\"https:\/\/moneythen.com\/fr\/about\/\">Poursuivez votre lecture <span class=\"screen-reader-text\">\u00c0 propos de nous<\/span><\/a><\/p>","protected":false},"author":9,"featured_media":0,"parent":0,"menu_order":0,"comment_status":"closed","ping_status":"closed","template":"","meta":{"footnotes":""},"yoast_head":"<!-- This site is optimized with the Yoast SEO Premium plugin v18.7 (Yoast SEO v19.1) - https:\/\/yoast.com\/wordpress\/plugins\/seo\/ -->\n<title>About Us - Money Then<\/title>\n<meta name=\"robots\" content=\"index, follow, max-snippet:-1, max-image-preview:large, max-video-preview:-1\" \/>\n<link rel=\"canonical\" href=\"https:\/\/moneythen.com\/fr\/about\/\" \/>\n<meta property=\"og:locale\" content=\"fr_FR\" \/>\n<meta property=\"og:type\" content=\"article\" \/>\n<meta property=\"og:title\" content=\"About Us\" \/>\n<meta property=\"og:description\" content=\"Money Then is an independent website created to help you make smarter decisions about your next steps, &nbsp;whether that\u2019s improving your career, using technology more confidently, managing your money with intention, or discovering games and digital experiences that are actually worth your time. Our goal is simple: deliver clear, practical content you can use in&hellip; Continue reading About Us\" \/>\n<meta property=\"og:url\" content=\"https:\/\/moneythen.com\/fr\/about\/\" \/>\n<meta property=\"og:site_name\" content=\"Money Then\" \/>\n<meta property=\"article:modified_time\" content=\"2026-01-20T13:58:42+00:00\" \/>\n<meta name=\"twitter:card\" content=\"summary_large_image\" \/>\n<meta name=\"twitter:label1\" content=\"Est. reading time\" \/>\n\t<meta name=\"twitter:data1\" content=\"4 minutes\" \/>\n<script type=\"application\/ld+json\" class=\"yoast-schema-graph\">{\"@context\":\"https:\/\/schema.org\",\"@graph\":[{\"@type\":\"WebSite\",\"@id\":\"https:\/\/moneythen.com\/#website\",\"url\":\"https:\/\/moneythen.com\/\",\"name\":\"Money Then\",\"description\":\"\",\"potentialAction\":[{\"@type\":\"SearchAction\",\"target\":{\"@type\":\"EntryPoint\",\"urlTemplate\":\"https:\/\/moneythen.com\/?s={search_term_string}\"},\"query-input\":\"required name=search_term_string\"}],\"inLanguage\":\"fr-FR\"},{\"@type\":\"WebPage\",\"@id\":\"https:\/\/moneythen.com\/about\/#webpage\",\"url\":\"https:\/\/moneythen.com\/about\/\",\"name\":\"About Us - Money Then\",\"isPartOf\":{\"@id\":\"https:\/\/moneythen.com\/#website\"},\"datePublished\":\"2024-02-07T18:28:59+00:00\",\"dateModified\":\"2026-01-20T13:58:42+00:00\",\"breadcrumb\":{\"@id\":\"https:\/\/moneythen.com\/about\/#breadcrumb\"},\"inLanguage\":\"fr-FR\",\"potentialAction\":[{\"@type\":\"ReadAction\",\"target\":[\"https:\/\/moneythen.com\/about\/\"]}]},{\"@type\":\"BreadcrumbList\",\"@id\":\"https:\/\/moneythen.com\/about\/#breadcrumb\",\"itemListElement\":[{\"@type\":\"ListItem\",\"position\":1,\"name\":\"Home\",\"item\":\"https:\/\/moneythen.com\/\"},{\"@type\":\"ListItem\",\"position\":2,\"name\":\"About Us\"}]}]}<\/script>\n<!-- \/ Yoast SEO Premium plugin. -->","yoast_head_json":{"title":"About Us - Money Then","robots":{"index":"index","follow":"follow","max-snippet":"max-snippet:-1","max-image-preview":"max-image-preview:large","max-video-preview":"max-video-preview:-1"},"canonical":"https:\/\/moneythen.com\/fr\/about\/","og_locale":"fr_FR","og_type":"article","og_title":"About Us","og_description":"Money Then is an independent website created to help you make smarter decisions about your next steps, &nbsp;whether that\u2019s improving your career, using technology more confidently, managing your money with intention, or discovering games and digital experiences that are actually worth your time. Our goal is simple: deliver clear, practical content you can use in&hellip; Continue reading About Us","og_url":"https:\/\/moneythen.com\/fr\/about\/","og_site_name":"Money Then","article_modified_time":"2026-01-20T13:58:42+00:00","twitter_card":"summary_large_image","twitter_misc":{"Est. reading time":"4 minutes"},"schema":{"@context":"https:\/\/schema.org","@graph":[{"@type":"WebSite","@id":"https:\/\/moneythen.com\/#website","url":"https:\/\/moneythen.com\/","name":"Money Then","description":"","potentialAction":[{"@type":"SearchAction","target":{"@type":"EntryPoint","urlTemplate":"https:\/\/moneythen.com\/?s={search_term_string}"},"query-input":"required name=search_term_string"}],"inLanguage":"fr-FR"},{"@type":"WebPage","@id":"https:\/\/moneythen.com\/about\/#webpage","url":"https:\/\/moneythen.com\/about\/","name":"About Us - Money Then","isPartOf":{"@id":"https:\/\/moneythen.com\/#website"},"datePublished":"2024-02-07T18:28:59+00:00","dateModified":"2026-01-20T13:58:42+00:00","breadcrumb":{"@id":"https:\/\/moneythen.com\/about\/#breadcrumb"},"inLanguage":"fr-FR","potentialAction":[{"@type":"ReadAction","target":["https:\/\/moneythen.com\/about\/"]}]},{"@type":"BreadcrumbList","@id":"https:\/\/moneythen.com\/about\/#breadcrumb","itemListElement":[{"@type":"ListItem","position":1,"name":"Home","item":"https:\/\/moneythen.com\/"},{"@type":"ListItem","position":2,"name":"About Us"}]}]}},"_links":{"self":[{"href":"https:\/\/moneythen.com\/fr\/wp-json\/wp\/v2\/pages\/375"}],"collection":[{"href":"https:\/\/moneythen.com\/fr\/wp-json\/wp\/v2\/pages"}],"about":[{"href":"https:\/\/moneythen.com\/fr\/wp-json\/wp\/v2\/types\/page"}],"author":[{"embeddable":true,"href":"https:\/\/moneythen.com\/fr\/wp-json\/wp\/v2\/users\/9"}],"replies":[{"embeddable":true,"href":"https:\/\/moneythen.com\/fr\/wp-json\/wp\/v2\/comments?post=375"}],"version-history":[{"count":0,"href":"https:\/\/moneythen.com\/fr\/wp-json\/wp\/v2\/pages\/375\/revisions"}],"wp:attachment":[{"href":"https:\/\/moneythen.com\/fr\/wp-json\/wp\/v2\/media?parent=375"}],"curies":[{"name":"wp","href":"https:\/\/api.w.org\/{rel}","templated":true}]}}