{"id":375,"date":"2024-02-07T18:28:59","date_gmt":"2024-02-07T18:28:59","guid":{"rendered":"https:\/\/moneythen.com\/?page_id=375"},"modified":"2026-01-20T13:58:42","modified_gmt":"2026-01-20T13:58:42","slug":"about","status":"publish","type":"page","link":"https:\/\/moneythen.com\/cs\/about\/","title":{"rendered":"O n\u00e1s"},"content":{"rendered":"<div class=\"mx-5 sm:mx-0 prose leading-relaxed text-lg mb-5 text-left wp-paragraph\">\n<p>Money Then je nez\u00e1visl\u00fd web vytvo\u0159en\u00fd s c\u00edlem pomoci v\u00e1m \u010dinit chyt\u0159ej\u0161\u00ed rozhodnut\u00ed o va\u0161ich dal\u0161\u00edch kroc\u00edch, a\u0165 u\u017e se jedn\u00e1 o zlep\u0161en\u00ed va\u0161\u00ed kari\u00e9ry, sebev\u011bdom\u011bj\u0161\u00ed pou\u017e\u00edv\u00e1n\u00ed technologi\u00ed, c\u00edlen\u00e9 hospoda\u0159en\u00ed s pen\u011bzi nebo objevov\u00e1n\u00ed her a digit\u00e1ln\u00edch z\u00e1\u017eitk\u016f, kter\u00e9 skute\u010dn\u011b stoj\u00ed za v\u00e1\u0161 \u010das.<\/p>\n<\/div><div class=\"mx-5 sm:mx-0 prose leading-relaxed text-lg mb-5 text-left wp-paragraph\">\n<p>Na\u0161\u00edm c\u00edlem je jednoduch\u00fd: poskytovat jasn\u00fd a praktick\u00fd obsah, kter\u00fd m\u016f\u017eete vyu\u017e\u00edt v re\u00e1ln\u00e9m \u017eivot\u011b. Zam\u011b\u0159ujeme se na to, co v\u00e1m pom\u016f\u017ee posunout se vp\u0159ed, bez zbyte\u010dn\u00e9ho humbuku, matouc\u00edho \u017eargonu nebo pr\u00e1zdn\u00fdch slib\u016f.<\/p>\n<\/div><div class=\"mx-5 sm:mx-0 prose leading-relaxed text-lg mb-5 text-left wp-paragraph\">\n<p>Zde najdete t\u00e9mata, kter\u00e1 se p\u0159irozen\u011b propojuj\u00ed. Lep\u0161\u00ed aplikace m\u016f\u017ee zlep\u0161it va\u0161i rutinu. Nov\u00e1 dovednost m\u016f\u017ee odemknout p\u0159\u00edle\u017eitosti. Siln\u011bj\u0161\u00ed finan\u010dn\u00ed n\u00e1vyky mohou sn\u00ed\u017eit stres a d\u00e1t v\u00e1m v\u011bt\u0161\u00ed svobodu pl\u00e1novat. A hry, pokud se s nimi zach\u00e1z\u00ed promy\u0161len\u011b, mohou b\u00fdt prostorem pro strategii, kreativitu a komunitu.<\/p>\n<\/div><div class=\"mx-5 sm:mx-0 prose leading-relaxed text-lg mb-5 text-left wp-paragraph\">\n<p><strong>Co pak najdete na Money<\/strong><\/p>\n<\/div><div class=\"mx-5 sm:mx-0 prose leading-relaxed text-lg mb-5 text-left wp-paragraph\">\n<p><strong>Kari\u00e9ra<\/strong><\/p>\n<\/div><div class=\"mx-5 sm:mx-0 prose text-left mb-5\">\n<ul><div class=\"mx-5 sm:mx-0 prose text-left mb-5\">\n<li>Jak prozkoum\u00e1vat kari\u00e9rn\u00ed dr\u00e1hy s v\u011bt\u0161\u00ed sebed\u016fv\u011brou a sm\u011b\u0159ov\u00e1n\u00edm<\/li>\n<\/div>\n\n<div class=\"mx-5 sm:mx-0 prose text-left mb-5\">\n<li>Jak jasn\u011b prezentovat svou zku\u0161enost (i kdy\u017e za\u010d\u00edn\u00e1te od nuly)<\/li>\n<\/div>\n\n<div class=\"mx-5 sm:mx-0 prose text-left mb-5\">\n<li>Jak vylep\u0161it sv\u016fj \u017eivotopis, portfolio a p\u0159\u00edpravu na pohovor<\/li>\n<\/div>\n\n<div class=\"mx-5 sm:mx-0 prose text-left mb-5\">\n<li>Jak zajistit konzistenci v \u017e\u00e1dostech a profesion\u00e1ln\u00ed komunikaci<\/li>\n<\/div><\/ul>\n<\/div><div class=\"mx-5 sm:mx-0 prose leading-relaxed text-lg mb-5 text-left wp-paragraph\">\n<p><strong>Praktick\u00e9 pr\u016fvodce<\/strong><\/p>\n<\/div><div class=\"mx-5 sm:mx-0 prose text-left mb-5\">\n<ul><div class=\"mx-5 sm:mx-0 prose text-left mb-5\">\n<li>Podrobn\u00e9 n\u00e1vody pro \u0159e\u0161en\u00ed b\u011b\u017en\u00fdch probl\u00e9m\u016f (pr\u00e1ce, digit\u00e1ln\u00ed \u017eivot, finan\u010dn\u00ed n\u00e1vyky)<\/li>\n<\/div>\n\n<div class=\"mx-5 sm:mx-0 prose text-left mb-5\">\n<li>Kontroln\u00ed seznamy, jak se vyhnout chyb\u00e1m, kter\u00e9 stoj\u00ed \u010das a energii<\/li>\n<\/div>\n\n<div class=\"mx-5 sm:mx-0 prose text-left mb-5\">\n<li>Jednoduch\u00e9 syst\u00e9my pro organizaci, produktivitu a u\u010debn\u00ed rutiny<\/li>\n<\/div>\n\n<div class=\"mx-5 sm:mx-0 prose text-left mb-5\">\n<li>\u0160ablony a p\u0159\u00edklady, kter\u00e9 v\u00e1m pomohou aplikovat p\u0159e\u010dten\u00e9 informace<\/li>\n<\/div><\/ul>\n<\/div><div class=\"mx-5 sm:mx-0 prose leading-relaxed text-lg mb-5 text-left wp-paragraph\">\n<p><strong>Technologie a aplikace<\/strong><\/p>\n<\/div><div class=\"mx-5 sm:mx-0 prose text-left mb-5\">\n<ul><div class=\"mx-5 sm:mx-0 prose text-left mb-5\">\n<li>N\u00e1stroje a aplikace, kter\u00e9 podporuj\u00ed pr\u00e1ci, studium, kreativitu a osobn\u00ed organizaci<\/li>\n<\/div>\n\n<div class=\"mx-5 sm:mx-0 prose text-left mb-5\">\n<li>Srozumiteln\u00e9 vysv\u011btlen\u00ed trend\u016f, kter\u00e9 ovliv\u0148uj\u00ed ka\u017edodenn\u00ed \u017eivot a volbu kari\u00e9ry<\/li>\n<\/div>\n\n<div class=\"mx-5 sm:mx-0 prose text-left mb-5\">\n<li>Nejlep\u0161\u00ed postupy pro bezpe\u010dn\u00e9 a efektivn\u00ed pou\u017e\u00edv\u00e1n\u00ed digit\u00e1ln\u00edch zdroj\u016f<\/li>\n<\/div>\n\n<div class=\"mx-5 sm:mx-0 prose text-left mb-5\">\n<li>Srovn\u00e1n\u00ed, kter\u00e1 zd\u016fraz\u0148uj\u00ed, na \u010dem z\u00e1le\u017e\u00ed v re\u00e1ln\u00e9m pou\u017eit\u00ed (nejen na funkc\u00edch)<\/li>\n<\/div><\/ul>\n<\/div><div class=\"mx-5 sm:mx-0 prose leading-relaxed text-lg mb-5 text-left wp-paragraph\">\n<p><strong>Osobn\u00ed finance<\/strong><\/p>\n<\/div><div class=\"mx-5 sm:mx-0 prose text-left mb-5\">\n<ul><div class=\"mx-5 sm:mx-0 prose text-left mb-5\">\n<li>Jak si sestavit rozpo\u010det, kter\u00fd skute\u010dn\u011b zvl\u00e1dnete dodr\u017eet<\/li>\n<\/div>\n\n<div class=\"mx-5 sm:mx-0 prose text-left mb-5\">\n<li>Jak sledovat v\u00fddaje, ani\u017e by se z nich stala z\u00e1t\u011b\u017e<\/li>\n<\/div>\n\n<div class=\"mx-5 sm:mx-0 prose text-left mb-5\">\n<li>Jak pl\u00e1novat spl\u00e1tky, sni\u017eovat finan\u010dn\u00ed stres a vyhnout se b\u011b\u017en\u00fdm dluhov\u00fdm past\u00edm<\/li>\n<\/div>\n\n<div class=\"mx-5 sm:mx-0 prose text-left mb-5\">\n<li>Jak si vytvo\u0159it krizov\u00fd fond a stanovit si c\u00edle s realistick\u00fdmi \u010dasov\u00fdmi harmonogramy<\/li>\n<\/div><\/ul>\n<\/div><div class=\"mx-5 sm:mx-0 prose leading-relaxed text-lg mb-5 text-left wp-paragraph\">\n<p><strong>Hry<\/strong><\/p>\n<\/div><div class=\"mx-5 sm:mx-0 prose text-left mb-5\">\n<ul><div class=\"mx-5 sm:mx-0 prose text-left mb-5\">\n<li>Pr\u016fvodci pro za\u010d\u00e1tek bez frustrace (a bez pl\u00fdtv\u00e1n\u00ed zdroji)<\/li>\n<\/div>\n\n<div class=\"mx-5 sm:mx-0 prose text-left mb-5\">\n<li>Tipy pro zlep\u0161en\u00ed v\u00fdkonu, strategie a postupu v \u010dase<\/li>\n<\/div>\n\n<div class=\"mx-5 sm:mx-0 prose text-left mb-5\">\n<li>Vysv\u011btlen\u00ed hern\u00edch syst\u00e9m\u016f, m\u011bn, odm\u011bn a jak se l\u00e9pe rozhodovat<\/li>\n<\/div>\n\n<div class=\"mx-5 sm:mx-0 prose text-left mb-5\">\n<li>Doporu\u010den\u00ed, kter\u00e1 up\u0159ednost\u0148uj\u00ed z\u00e1bavu, srozumitelnost a lep\u0161\u00ed hern\u00ed z\u00e1\u017eitek<\/li>\n<\/div><\/ul>\n<\/div><div class=\"mx-5 sm:mx-0 prose leading-relaxed text-lg mb-5 text-left wp-paragraph\">\n<p><strong>Jak pracujeme a pro\u010d je to d\u016fle\u017eit\u00e9<\/strong><\/p>\n<\/div><div class=\"mx-5 sm:mx-0 prose leading-relaxed text-lg mb-5 text-left wp-paragraph\">\n<p>Money Then je postaven na nez\u00e1vislosti a jasnosti. Nejsme tu proto, abychom v\u00e1s tla\u010dili k rozhodnut\u00edm nebo se chovali, jako by existovala jen jedna \u201espr\u00e1vn\u00e1 cesta\u201c. Jsme tu proto, abychom uspo\u0159\u00e1dali u\u017eite\u010dn\u00e9 informace, vysv\u011btlili je praktick\u00fdm zp\u016fsobem a respektovali v\u00e1\u0161 \u010das.<\/p>\n<\/div><div class=\"mx-5 sm:mx-0 prose leading-relaxed text-lg mb-5 text-left wp-paragraph\">\n<p>Toto definuje n\u00e1\u0161 p\u0159\u00edstup:<\/p>\n<\/div><div class=\"mx-5 sm:mx-0 prose leading-relaxed text-lg mb-5 text-left wp-paragraph\">\n<p><strong>Nezve\u0159ej\u0148ujeme obsah za \u00fa\u010delem zpracov\u00e1n\u00ed po\u017eadavk\u016f nebo plateb.<\/strong><\/p>\n<\/div><div class=\"mx-5 sm:mx-0 prose leading-relaxed text-lg mb-5 text-left wp-paragraph\">\n<p>Na\u0161e redak\u010dn\u00ed volby jsou zalo\u017eeny na u\u017eite\u010dnosti, ve\u0159ejn\u00e9 dostupnosti a d\u016fv\u011bryhodnosti, nikoli na tom, kdo se pt\u00e1, kdo plat\u00ed nebo kdo chce b\u00fdt publicita.<\/p>\n<\/div><div class=\"mx-5 sm:mx-0 prose leading-relaxed text-lg mb-5 text-left wp-paragraph\">\n<p><strong>P\u0159ed zve\u0159ejn\u011bn\u00edm v\u0161e zkontrolujeme<\/strong><\/p>\n<\/div><div class=\"mx-5 sm:mx-0 prose leading-relaxed text-lg mb-5 text-left wp-paragraph\">\n<p>Ka\u017ed\u00fd pr\u016fvodce, doporu\u010den\u00ed a \u010dl\u00e1nek proch\u00e1z\u00ed intern\u00ed kontrolou zam\u011b\u0159enou na t\u0159i v\u011bci: relevanci, p\u0159esnost a \u010ditelnost. Pokud to nelze jasn\u011b vysv\u011btlit, pak to sem je\u0161t\u011b nepat\u0159\u00ed.<\/p>\n<\/div><div class=\"mx-5 sm:mx-0 prose leading-relaxed text-lg mb-5 text-left wp-paragraph\">\n<p><strong>Na\u0161\u00edm c\u00edlem je b\u00fdt u\u017eite\u010dn\u00fd, ne propaga\u010dn\u00ed<\/strong><\/p>\n<\/div><div class=\"mx-5 sm:mx-0 prose leading-relaxed text-lg mb-5 text-left wp-paragraph\">\n<p>Na\u0161\u00ed rol\u00ed nen\u00ed \u0159\u00edkat v\u00e1m, co si m\u00e1te koupit nebo co d\u011blat. Na\u0161\u00ed rol\u00ed je uk\u00e1zat v\u00e1m mo\u017enosti, vysv\u011btlit, co znamenaj\u00ed, a pomoci v\u00e1m rozhodnout se, co odpov\u00edd\u00e1 va\u0161im c\u00edl\u016fm a va\u0161\u00ed situaci.<\/p>\n<\/div><div class=\"mx-5 sm:mx-0 prose leading-relaxed text-lg mb-5 text-left wp-paragraph\">\n<p>Tak\u00e9 v\u011b\u0159\u00edme, \u017ee \u010dten\u00e1\u0159i by se nem\u011bli muset filtrovat p\u0159es dramatick\u00e1 tvrzen\u00ed nebo slo\u017eit\u00fd jazyk, aby na\u0161li n\u011bco u\u017eite\u010dn\u00e9ho. Proto p\u00ed\u0161eme p\u0159\u00edmo\u010dar\u00fdm t\u00f3nem, kter\u00fd respektuje va\u0161i inteligenci a z\u00e1rove\u0148 je snadno srozumiteln\u00fd.<\/p>\n<\/div><div class=\"mx-5 sm:mx-0 prose leading-relaxed text-lg mb-5 text-left wp-paragraph\">\n<p><strong>Pr\u00e1vn\u00ed upozorn\u011bn\u00ed a vylou\u010den\u00ed odpov\u011bdnosti za obsah<\/strong><\/p>\n<\/div><div class=\"mx-5 sm:mx-0 prose leading-relaxed text-lg mb-5 text-left wp-paragraph\">\n<p>Abyste mohli Money Then pou\u017e\u00edvat zodpov\u011bdn\u011b, je zde n\u011bkolik d\u016fle\u017eit\u00fdch bod\u016f:<\/p>\n<\/div><div class=\"mx-5 sm:mx-0 prose leading-relaxed text-lg mb-5 text-left wp-paragraph\">\n<p><strong>Nenab\u00edz\u00edme p\u0159\u00edmo pracovn\u00ed m\u00edsta, slu\u017eby ani \u0161kolen\u00ed.<\/strong><\/p>\n<\/div><div class=\"mx-5 sm:mx-0 prose leading-relaxed text-lg mb-5 text-left wp-paragraph\">\n<p>Jak\u00e1koli pracovn\u00ed p\u0159\u00edle\u017eitost, kurz, n\u00e1stroj nebo platforma zm\u00edn\u011bn\u00e1 na Money Then je uvedena pro informa\u010dn\u00ed \u00fa\u010dely. Pokud se rozhodnete podat \u017e\u00e1dost, zaregistrovat se nebo slu\u017ebu vyu\u017e\u00edt, tento proces prob\u00edh\u00e1 prost\u0159ednictv\u00edm p\u016fvodn\u00edho poskytovatele.<\/p>\n<\/div><div class=\"mx-5 sm:mx-0 prose leading-relaxed text-lg mb-5 text-left wp-paragraph\">\n<p><strong>Nejsme nijak propojeni se zam\u011bstnavateli, \u0161kolami ani platformami.<\/strong><\/p>\n<\/div><div class=\"mx-5 sm:mx-0 prose leading-relaxed text-lg mb-5 text-left wp-paragraph\">\n<p>Zm\u00ednky o spole\u010dnostech, aplikac\u00edch, instituc\u00edch, zna\u010dk\u00e1ch nebo hr\u00e1ch slou\u017e\u00ed pouze pro informa\u010dn\u00ed a vzd\u011bl\u00e1vac\u00ed \u00fa\u010dely. Nen\u00e1rokujeme si partnerstv\u00ed a za jejich zve\u0159ej\u0148ov\u00e1n\u00ed nedost\u00e1v\u00e1me \u017e\u00e1dnou odm\u011bnu.<\/p>\n<\/div><div class=\"mx-5 sm:mx-0 prose leading-relaxed text-lg mb-5 text-left wp-paragraph\">\n<p><strong>Informace se mohou zm\u011bnit bez p\u0159edchoz\u00edho upozorn\u011bn\u00ed<\/strong><\/p>\n<\/div><div class=\"mx-5 sm:mx-0 prose leading-relaxed text-lg mb-5 text-left wp-paragraph\">\n<p>Nab\u00eddky pr\u00e1ce, funkce aplikace, ceny, podm\u00ednky a dostupnost mohou b\u00fdt kdykoli aktualizov\u00e1ny, ukon\u010deny nebo odstran\u011bny. I kdy\u017e se sna\u017e\u00edme o p\u0159esnost obsahu, nem\u016f\u017eeme zaru\u010dit, \u017ee informace t\u0159et\u00edch stran z\u016fstanou stejn\u00e9.<\/p>\n<\/div><div class=\"mx-5 sm:mx-0 prose leading-relaxed text-lg mb-5 text-left wp-paragraph\">\n<p><strong>Rozhodnut\u00ed z\u016fst\u00e1vaj\u00ed va\u0161\u00ed odpov\u011bdnost\u00ed<\/strong><\/p>\n<\/div><div class=\"mx-5 sm:mx-0 prose leading-relaxed text-lg mb-5 text-left wp-paragraph\">\n<p>Ve\u0161ker\u00e9 kroky, kter\u00e9 podniknete na z\u00e1klad\u011b na\u0161eho obsahu, jsou na va\u0161em uv\u00e1\u017een\u00ed. Doporu\u010dujeme v\u00e1m, abyste si p\u0159ed pod\u00e1n\u00edm \u017e\u00e1dosti, registrac\u00ed, n\u00e1kupem nebo u\u010din\u011bn\u00edm jak\u00e9hokoli finan\u010dn\u00edho \u010di profesn\u00edho rozhodnut\u00ed ov\u011b\u0159ili podrobnosti p\u0159\u00edmo u ofici\u00e1ln\u00edho zdroje.<\/p>\n<\/div><div class=\"mx-5 sm:mx-0 prose leading-relaxed text-lg mb-5 text-left wp-paragraph\">\n<p>Pou\u017e\u00edv\u00e1n\u00edm Money Then berete na v\u011bdom\u00ed, \u017ee n\u00e1\u0161 obsah je ur\u010den pro obecn\u00e9 poradenstv\u00ed a vzd\u011bl\u00e1vac\u00ed \u00fa\u010dely a nenahrazuje odborn\u00e9 poradenstv\u00ed ani p\u0159\u00edmou komunikaci s poskytovateli.<\/p>\n<\/div><div class=\"mx-5 sm:mx-0 prose leading-relaxed text-lg mb-5 text-left wp-paragraph\">\n<p>V Money Then je na\u0161\u00edm c\u00edlem v\u00e1s informovat, ne v\u00e1s zahlcovat. Pokrok pramen\u00ed z mal\u00fdch, d\u016fsledn\u00fdch rozhodnut\u00ed: u\u010den\u00ed se, na \u010dem z\u00e1le\u017e\u00ed, pou\u017e\u00edv\u00e1n\u00ed n\u00e1stroj\u016f s rozmyslem a budov\u00e1n\u00ed n\u00e1vyk\u016f, kter\u00e9 podporuj\u00ed va\u0161e c\u00edle. Vy si d\u00e1v\u00e1te za c\u00edl. My v\u00e1m pom\u016f\u017eeme jasn\u011bji ur\u010dit dal\u0161\u00ed krok.<\/p>\n<\/div><div class=\"mx-5 sm:mx-0 prose leading-relaxed text-lg mb-5 text-left wp-paragraph\">\n<p><\/p>\n<\/div>","protected":false},"excerpt":{"rendered":"<p>Money Then je nez\u00e1visl\u00fd web vytvo\u0159en\u00fd s c\u00edlem pomoci v\u00e1m \u010dinit chyt\u0159ej\u0161\u00ed rozhodnut\u00ed o va\u0161ich dal\u0161\u00edch kroc\u00edch, a\u0165 u\u017e se jedn\u00e1 o zlep\u0161en\u00ed va\u0161\u00ed kari\u00e9ry, sebev\u011bdom\u011bj\u0161\u00ed pou\u017e\u00edv\u00e1n\u00ed technologi\u00ed, c\u00edlenou spr\u00e1vu va\u0161ich pen\u011bz nebo objevov\u00e1n\u00ed her a digit\u00e1ln\u00edch z\u00e1\u017eitk\u016f, kter\u00e9 skute\u010dn\u011b stoj\u00ed za v\u00e1\u0161 \u010das. Na\u0161\u00edm c\u00edlem je jednoduch\u00fd: poskytovat jasn\u00fd a praktick\u00fd obsah, kter\u00fd m\u016f\u017eete vyu\u017e\u00edt v\u2026 <a class=\"more-link\" href=\"https:\/\/moneythen.com\/cs\/about\/\">Pokra\u010dovat ve \u010dten\u00ed <span class=\"screen-reader-text\">O n\u00e1s<\/span><\/a><\/p>","protected":false},"author":9,"featured_media":0,"parent":0,"menu_order":0,"comment_status":"closed","ping_status":"closed","template":"","meta":{"footnotes":""},"yoast_head":"<!-- This site is optimized with the Yoast SEO Premium plugin v18.7 (Yoast SEO v19.1) - https:\/\/yoast.com\/wordpress\/plugins\/seo\/ -->\n<title>About Us - Money Then<\/title>\n<meta name=\"robots\" content=\"index, follow, max-snippet:-1, max-image-preview:large, max-video-preview:-1\" \/>\n<link rel=\"canonical\" href=\"https:\/\/moneythen.com\/cs\/about\/\" \/>\n<meta property=\"og:locale\" content=\"cs_CZ\" \/>\n<meta property=\"og:type\" content=\"article\" \/>\n<meta property=\"og:title\" content=\"About Us\" \/>\n<meta property=\"og:description\" content=\"Money Then is an independent website created to help you make smarter decisions about your next steps, &nbsp;whether that\u2019s improving your career, using technology more confidently, managing your money with intention, or discovering games and digital experiences that are actually worth your time. Our goal is simple: deliver clear, practical content you can use in&hellip; Continue reading About Us\" \/>\n<meta property=\"og:url\" content=\"https:\/\/moneythen.com\/cs\/about\/\" \/>\n<meta property=\"og:site_name\" content=\"Money Then\" \/>\n<meta property=\"article:modified_time\" content=\"2026-01-20T13:58:42+00:00\" \/>\n<meta name=\"twitter:card\" content=\"summary_large_image\" \/>\n<meta name=\"twitter:label1\" content=\"Est. reading time\" \/>\n\t<meta name=\"twitter:data1\" content=\"4 minuty\" \/>\n<script type=\"application\/ld+json\" class=\"yoast-schema-graph\">{\"@context\":\"https:\/\/schema.org\",\"@graph\":[{\"@type\":\"WebSite\",\"@id\":\"https:\/\/moneythen.com\/#website\",\"url\":\"https:\/\/moneythen.com\/\",\"name\":\"Money Then\",\"description\":\"\",\"potentialAction\":[{\"@type\":\"SearchAction\",\"target\":{\"@type\":\"EntryPoint\",\"urlTemplate\":\"https:\/\/moneythen.com\/?s={search_term_string}\"},\"query-input\":\"required name=search_term_string\"}],\"inLanguage\":\"cs\"},{\"@type\":\"WebPage\",\"@id\":\"https:\/\/moneythen.com\/about\/#webpage\",\"url\":\"https:\/\/moneythen.com\/about\/\",\"name\":\"About Us - Money Then\",\"isPartOf\":{\"@id\":\"https:\/\/moneythen.com\/#website\"},\"datePublished\":\"2024-02-07T18:28:59+00:00\",\"dateModified\":\"2026-01-20T13:58:42+00:00\",\"breadcrumb\":{\"@id\":\"https:\/\/moneythen.com\/about\/#breadcrumb\"},\"inLanguage\":\"cs\",\"potentialAction\":[{\"@type\":\"ReadAction\",\"target\":[\"https:\/\/moneythen.com\/about\/\"]}]},{\"@type\":\"BreadcrumbList\",\"@id\":\"https:\/\/moneythen.com\/about\/#breadcrumb\",\"itemListElement\":[{\"@type\":\"ListItem\",\"position\":1,\"name\":\"Home\",\"item\":\"https:\/\/moneythen.com\/\"},{\"@type\":\"ListItem\",\"position\":2,\"name\":\"About Us\"}]}]}<\/script>\n<!-- \/ Yoast SEO Premium plugin. -->","yoast_head_json":{"title":"About Us - Money Then","robots":{"index":"index","follow":"follow","max-snippet":"max-snippet:-1","max-image-preview":"max-image-preview:large","max-video-preview":"max-video-preview:-1"},"canonical":"https:\/\/moneythen.com\/cs\/about\/","og_locale":"cs_CZ","og_type":"article","og_title":"About Us","og_description":"Money Then is an independent website created to help you make smarter decisions about your next steps, &nbsp;whether that\u2019s improving your career, using technology more confidently, managing your money with intention, or discovering games and digital experiences that are actually worth your time. Our goal is simple: deliver clear, practical content you can use in&hellip; Continue reading About Us","og_url":"https:\/\/moneythen.com\/cs\/about\/","og_site_name":"Money Then","article_modified_time":"2026-01-20T13:58:42+00:00","twitter_card":"summary_large_image","twitter_misc":{"Est. reading time":"4 minuty"},"schema":{"@context":"https:\/\/schema.org","@graph":[{"@type":"WebSite","@id":"https:\/\/moneythen.com\/#website","url":"https:\/\/moneythen.com\/","name":"Money Then","description":"","potentialAction":[{"@type":"SearchAction","target":{"@type":"EntryPoint","urlTemplate":"https:\/\/moneythen.com\/?s={search_term_string}"},"query-input":"required name=search_term_string"}],"inLanguage":"cs"},{"@type":"WebPage","@id":"https:\/\/moneythen.com\/about\/#webpage","url":"https:\/\/moneythen.com\/about\/","name":"About Us - Money Then","isPartOf":{"@id":"https:\/\/moneythen.com\/#website"},"datePublished":"2024-02-07T18:28:59+00:00","dateModified":"2026-01-20T13:58:42+00:00","breadcrumb":{"@id":"https:\/\/moneythen.com\/about\/#breadcrumb"},"inLanguage":"cs","potentialAction":[{"@type":"ReadAction","target":["https:\/\/moneythen.com\/about\/"]}]},{"@type":"BreadcrumbList","@id":"https:\/\/moneythen.com\/about\/#breadcrumb","itemListElement":[{"@type":"ListItem","position":1,"name":"Home","item":"https:\/\/moneythen.com\/"},{"@type":"ListItem","position":2,"name":"About Us"}]}]}},"_links":{"self":[{"href":"https:\/\/moneythen.com\/cs\/wp-json\/wp\/v2\/pages\/375"}],"collection":[{"href":"https:\/\/moneythen.com\/cs\/wp-json\/wp\/v2\/pages"}],"about":[{"href":"https:\/\/moneythen.com\/cs\/wp-json\/wp\/v2\/types\/page"}],"author":[{"embeddable":true,"href":"https:\/\/moneythen.com\/cs\/wp-json\/wp\/v2\/users\/9"}],"replies":[{"embeddable":true,"href":"https:\/\/moneythen.com\/cs\/wp-json\/wp\/v2\/comments?post=375"}],"version-history":[{"count":0,"href":"https:\/\/moneythen.com\/cs\/wp-json\/wp\/v2\/pages\/375\/revisions"}],"wp:attachment":[{"href":"https:\/\/moneythen.com\/cs\/wp-json\/wp\/v2\/media?parent=375"}],"curies":[{"name":"wp","href":"https:\/\/api.w.org\/{rel}","templated":true}]}}